{"id":4135,"date":"2019-11-05T12:31:20","date_gmt":"2019-11-05T12:31:20","guid":{"rendered":"http:\/\/balticneopolis.pl\/partners\/"},"modified":"2019-11-07T16:27:09","modified_gmt":"2019-11-07T16:27:09","slug":"partners","status":"publish","type":"page","link":"https:\/\/balticneopolis.pl\/en\/partners\/","title":{"rendered":"Partners"},"content":{"rendered":"<p>[vc_row][vc_column][vc_row_inner][vc_column_inner][vc_column_text]<\/p>\n<h1 style=\"text-align: center;\">Main partner<\/h1>\n<p>[\/vc_column_text][vc_empty_space][vc_single_image image=&#8221;3676&#8243; img_size=&#8221;full&#8221; alignment=&#8221;center&#8221; img_fullwidth=&#8221;0&#8243;][vc_empty_space height=&#8221;60px&#8221;][vc_column_text]<\/p>\n<h2 style=\"text-align: center;\">Partners<\/h2>\n<p>[\/vc_column_text][vc_empty_space][vc_column_text]<div class=\"smls-main-logo-outer-350807747 smls-main-logo-wrapper\">\r\n      <div class=\"smls-grid-container-template-2 smls-grid smls-grid-column-6 smls-tablet-column-3 smls-mobile-column-2  smls-overlay-effect clearfix\r\n     \">\r\n            <div class=\"smls-grid-image-wrap  smls-external-link-wrapper main-div-1\" >\r\n       <div class=\"smls-grid-pad-container\">\r\n                <img decoding=\"async\" src=\"http:\/\/balticneopolis.pl\/wp-content\/uploads\/2019\/07\/pomorze-zachodnie.png\" alt=\"Pomorze Zachodnie\">\r\n       <div class=\"smls-overlay-all-wrap\">\r\n                  <a class=\"smls-link-style\" href=\"https:\/\/wzp.pl\/\" target=\"_blank\"><span><i class=\"fa fa-link\" aria-hidden=\"true\"><\/i><\/span><\/a>\r\n                <\/div>\r\n      <div class=\"smls-overlay-wrap\"><\/div>\r\n        <\/div>\r\n<\/div>\r\n<div class=\"popup-contact contact-div-1\" id=\"contact-div-1\">\r\n  <div class=\"smls-overlay-contact-info\">\r\n\r\n    <!--Creates the popup content-->\r\n            <div class=\"popup-content\">\r\n\r\n          <h4><\/h4>\r\n          <h5><i class=\"fa fa-map-marker\"><\/i>\r\n            <\/h5>\r\n          <!--popup's close button-->\r\n          <button class=\"smls-close\">Close<\/button>\r\n        <\/div>\r\n        <div class=\"smls-popup-open\">\r\n          <!-- <h3><\/h3> -->\r\n          <button class=\"smls-open\"><\/button>\r\n        <\/div>\r\n        \r\n\r\n    <!--Content shown when popup is not displayed-->\r\n\r\n\r\n  <\/div>\r\n<\/div>\r\n       <div class=\"smls-grid-image-wrap  smls-external-link-wrapper main-div-2\" >\r\n       <div class=\"smls-grid-pad-container\">\r\n                <img decoding=\"async\" src=\"https:\/\/balticneopolis.pl\/wp-content\/uploads\/2019\/07\/pobrane-3.png\" alt=\"Fundacja Stradivarius\">\r\n       <div class=\"smls-overlay-all-wrap\">\r\n                  <a class=\"smls-link-style\" href=\"https:\/\/fundacjastradivarius.pl\/\" target=\"_blank\"><span><i class=\"fa fa-link\" aria-hidden=\"true\"><\/i><\/span><\/a>\r\n                <\/div>\r\n      <div class=\"smls-overlay-wrap\"><\/div>\r\n        <\/div>\r\n<\/div>\r\n<div class=\"popup-contact contact-div-2\" id=\"contact-div-2\">\r\n  <div class=\"smls-overlay-contact-info\">\r\n\r\n    <!--Creates the popup content-->\r\n    \r\n\r\n    <!--Content shown when popup is not displayed-->\r\n\r\n\r\n  <\/div>\r\n<\/div>\r\n       <div class=\"smls-grid-image-wrap  smls-external-link-wrapper main-div-3\" >\r\n       <div class=\"smls-grid-pad-container\">\r\n                <img decoding=\"async\" src=\"https:\/\/balticneopolis.pl\/wp-content\/uploads\/2019\/07\/pobrane.png\" alt=\"Inkubator Sektor\u00f3w Kreatywnych\">\r\n       <div class=\"smls-overlay-all-wrap\">\r\n                  <a class=\"smls-link-style\" href=\"https:\/\/inku.pl\/\" target=\"_blank\"><span><i class=\"fa fa-link\" aria-hidden=\"true\"><\/i><\/span><\/a>\r\n                <\/div>\r\n      <div class=\"smls-overlay-wrap\"><\/div>\r\n        <\/div>\r\n<\/div>\r\n<div class=\"popup-contact contact-div-3\" id=\"contact-div-3\">\r\n  <div class=\"smls-overlay-contact-info\">\r\n\r\n    <!--Creates the popup content-->\r\n    \r\n\r\n    <!--Content shown when popup is not displayed-->\r\n\r\n\r\n  <\/div>\r\n<\/div>\r\n       <div class=\"smls-grid-image-wrap  smls-external-link-wrapper main-div-4\" >\r\n       <div class=\"smls-grid-pad-container\">\r\n                <img decoding=\"async\" src=\"https:\/\/balticneopolis.pl\/wp-content\/uploads\/2019\/07\/fb.jpg\" alt=\"Szczeci\u0144ska Agencja Artystyczna\">\r\n       <div class=\"smls-overlay-all-wrap\">\r\n                  <a class=\"smls-link-style\" href=\"https:\/\/saa.pl\/\" target=\"_blank\"><span><i class=\"fa fa-link\" aria-hidden=\"true\"><\/i><\/span><\/a>\r\n                <\/div>\r\n      <div class=\"smls-overlay-wrap\"><\/div>\r\n        <\/div>\r\n<\/div>\r\n<div class=\"popup-contact contact-div-4\" id=\"contact-div-4\">\r\n  <div class=\"smls-overlay-contact-info\">\r\n\r\n    <!--Creates the popup content-->\r\n    \r\n\r\n    <!--Content shown when popup is not displayed-->\r\n\r\n\r\n  <\/div>\r\n<\/div>\r\n       <div class=\"smls-grid-image-wrap  smls-external-link-wrapper main-div-5\" >\r\n       <div class=\"smls-grid-pad-container\">\r\n                <img decoding=\"async\" src=\"http:\/\/balticneopolis.pl\/wp-content\/uploads\/2019\/07\/port-szczecin-swinoujscie.png\" alt=\"Port Szczecin \u015awinouj\u015bcie\">\r\n       <div class=\"smls-overlay-all-wrap\">\r\n                  <a class=\"smls-link-style\" href=\"http:\/\/www.port.szczecin.pl\/pl\/\" target=\"_blank\"><span><i class=\"fa fa-link\" aria-hidden=\"true\"><\/i><\/span><\/a>\r\n                <\/div>\r\n      <div class=\"smls-overlay-wrap\"><\/div>\r\n        <\/div>\r\n<\/div>\r\n<div class=\"popup-contact contact-div-5\" id=\"contact-div-5\">\r\n  <div class=\"smls-overlay-contact-info\">\r\n\r\n    <!--Creates the popup content-->\r\n    \r\n\r\n    <!--Content shown when popup is not displayed-->\r\n\r\n\r\n  <\/div>\r\n<\/div>\r\n       <div class=\"smls-grid-image-wrap  smls-external-link-wrapper main-div-6\" >\r\n       <div class=\"smls-grid-pad-container\">\r\n                <img decoding=\"async\" src=\"https:\/\/balticneopolis.pl\/wp-content\/uploads\/2019\/07\/pobrane-1.png\" alt=\"Buisness Club Szczecin\">\r\n       <div class=\"smls-overlay-all-wrap\">\r\n                  <a class=\"smls-link-style\" href=\"https:\/\/business-club.szczecin.pl\/\" target=\"_blank\"><span><i class=\"fa fa-link\" aria-hidden=\"true\"><\/i><\/span><\/a>\r\n                <\/div>\r\n      <div class=\"smls-overlay-wrap\"><\/div>\r\n        <\/div>\r\n<\/div>\r\n<div class=\"popup-contact contact-div-6\" id=\"contact-div-6\">\r\n  <div class=\"smls-overlay-contact-info\">\r\n\r\n    <!--Creates the popup content-->\r\n    \r\n\r\n    <!--Content shown when popup is not displayed-->\r\n\r\n\r\n  <\/div>\r\n<\/div>\r\n       <div class=\"smls-grid-image-wrap  smls-external-link-wrapper main-div-7\" >\r\n       <div class=\"smls-grid-pad-container\">\r\n                <img decoding=\"async\" src=\"https:\/\/balticneopolis.pl\/wp-content\/uploads\/2019\/07\/images.png\" alt=\"Hotel Dana\">\r\n       <div class=\"smls-overlay-all-wrap\">\r\n                  <a class=\"smls-link-style\" href=\"https:\/\/www.hoteldana.pl\/\" target=\"_blank\"><span><i class=\"fa fa-link\" aria-hidden=\"true\"><\/i><\/span><\/a>\r\n                <\/div>\r\n      <div class=\"smls-overlay-wrap\"><\/div>\r\n        <\/div>\r\n<\/div>\r\n<div class=\"popup-contact contact-div-7\" id=\"contact-div-7\">\r\n  <div class=\"smls-overlay-contact-info\">\r\n\r\n    <!--Creates the popup content-->\r\n    \r\n\r\n    <!--Content shown when popup is not displayed-->\r\n\r\n\r\n  <\/div>\r\n<\/div>\r\n       <div class=\"smls-grid-image-wrap  smls-external-link-wrapper main-div-8\" >\r\n       <div class=\"smls-grid-pad-container\">\r\n                <img decoding=\"async\" src=\"https:\/\/balticneopolis.pl\/wp-content\/uploads\/2019\/07\/Zrzut-ekranu-2024-05-22-130810.png\" alt=\"Pallada Ubezpieczenia\">\r\n       <div class=\"smls-overlay-all-wrap\">\r\n                  <a class=\"smls-link-style\" href=\"https:\/\/pallada.com.pl\/\" target=\"_blank\"><span><i class=\"fa fa-link\" aria-hidden=\"true\"><\/i><\/span><\/a>\r\n                <\/div>\r\n      <div class=\"smls-overlay-wrap\"><\/div>\r\n        <\/div>\r\n<\/div>\r\n<div class=\"popup-contact contact-div-8\" id=\"contact-div-8\">\r\n  <div class=\"smls-overlay-contact-info\">\r\n\r\n    <!--Creates the popup content-->\r\n    \r\n\r\n    <!--Content shown when popup is not displayed-->\r\n\r\n\r\n  <\/div>\r\n<\/div>\r\n       <div class=\"smls-grid-image-wrap  smls-external-link-wrapper main-div-9\" >\r\n       <div class=\"smls-grid-pad-container\">\r\n                <img decoding=\"async\" src=\"https:\/\/balticneopolis.pl\/wp-content\/uploads\/2024\/05\/01_znak_podstawowy_kolor_biale_tlo_polski_krzywe.png\" alt=\"\">\r\n       <div class=\"smls-overlay-all-wrap\">\r\n                  <a class=\"smls-link-style\" href=\"https:\/\/balticneopolis.pl\/2-5\/\" target=\"_blank\"><span><i class=\"fa fa-link\" aria-hidden=\"true\"><\/i><\/span><\/a>\r\n                <\/div>\r\n      <div class=\"smls-overlay-wrap\"><\/div>\r\n        <\/div>\r\n<\/div>\r\n<div class=\"popup-contact contact-div-9\" id=\"contact-div-9\">\r\n  <div class=\"smls-overlay-contact-info\">\r\n\r\n    <!--Creates the popup content-->\r\n    \r\n\r\n    <!--Content shown when popup is not displayed-->\r\n\r\n\r\n  <\/div>\r\n<\/div>\r\n       <div class=\"smls-grid-image-wrap  main-div-10\" >\r\n       <div class=\"smls-grid-pad-container\">\r\n                <img decoding=\"async\" src=\"https:\/\/balticneopolis.pl\/wp-content\/uploads\/2023\/01\/05_znak_uproszczony_kolor_biale_tlo_RGB_PL-1.png\" alt=\"\">\r\n       <div class=\"smls-overlay-all-wrap\">\r\n              <\/div>\r\n      <div class=\"smls-overlay-wrap\"><\/div>\r\n        <\/div>\r\n<\/div>\r\n<div class=\"popup-contact contact-div-10\" id=\"contact-div-10\">\r\n  <div class=\"smls-overlay-contact-info\">\r\n\r\n    <!--Creates the popup content-->\r\n    \r\n\r\n    <!--Content shown when popup is not displayed-->\r\n\r\n\r\n  <\/div>\r\n<\/div>\r\n       <div class=\"smls-grid-image-wrap  main-div-11\" >\r\n       <div class=\"smls-grid-pad-container\">\r\n                <img decoding=\"async\" src=\"https:\/\/balticneopolis.pl\/wp-content\/uploads\/2023\/01\/Logo_NIMIT_RGB_kolor_poziom.png\" alt=\"\">\r\n       <div class=\"smls-overlay-all-wrap\">\r\n              <\/div>\r\n      <div class=\"smls-overlay-wrap\"><\/div>\r\n        <\/div>\r\n<\/div>\r\n<div class=\"popup-contact contact-div-11\" id=\"contact-div-11\">\r\n  <div class=\"smls-overlay-contact-info\">\r\n\r\n    <!--Creates the popup content-->\r\n    \r\n\r\n    <!--Content shown when popup is not displayed-->\r\n\r\n\r\n  <\/div>\r\n<\/div>\r\n       <div class=\"smls-grid-image-wrap  smls-external-link-wrapper main-div-12\" >\r\n       <div class=\"smls-grid-pad-container\">\r\n                <img decoding=\"async\" src=\"https:\/\/balticneopolis.pl\/wp-content\/uploads\/2019\/07\/technopark-pomerania-logo-tlo-szare.png\" alt=\"Technopark Pomerania\">\r\n       <div class=\"smls-overlay-all-wrap\">\r\n                  <a class=\"smls-link-style\" href=\"https:\/\/technopark-pomerania.pl\/\" target=\"_blank\"><span><i class=\"fa fa-link\" aria-hidden=\"true\"><\/i><\/span><\/a>\r\n                <\/div>\r\n      <div class=\"smls-overlay-wrap\"><\/div>\r\n        <\/div>\r\n<\/div>\r\n<div class=\"popup-contact contact-div-12\" id=\"contact-div-12\">\r\n  <div class=\"smls-overlay-contact-info\">\r\n\r\n    <!--Creates the popup content-->\r\n    \r\n\r\n    <!--Content shown when popup is not displayed-->\r\n\r\n\r\n  <\/div>\r\n<\/div>\r\n       <div class=\"smls-grid-image-wrap  smls-external-link-wrapper main-div-13\" >\r\n       <div class=\"smls-grid-pad-container\">\r\n                <img decoding=\"async\" src=\"https:\/\/balticneopolis.pl\/wp-content\/uploads\/2019\/07\/logo_podstawowe_rekomendowane.jpg\" alt=\"\">\r\n       <div class=\"smls-overlay-all-wrap\">\r\n                  <a class=\"smls-link-style\" href=\"https:\/\/ecogenerator.eu\/\" target=\"_blank\"><span><i class=\"fa fa-link\" aria-hidden=\"true\"><\/i><\/span><\/a>\r\n                <\/div>\r\n      <div class=\"smls-overlay-wrap\"><\/div>\r\n        <\/div>\r\n<\/div>\r\n<div class=\"popup-contact contact-div-13\" id=\"contact-div-13\">\r\n  <div class=\"smls-overlay-contact-info\">\r\n\r\n    <!--Creates the popup content-->\r\n    \r\n\r\n    <!--Content shown when popup is not displayed-->\r\n\r\n\r\n  <\/div>\r\n<\/div>\r\n       <div class=\"smls-grid-image-wrap  smls-external-link-wrapper main-div-14\" >\r\n       <div class=\"smls-grid-pad-container\">\r\n                <img decoding=\"async\" src=\"https:\/\/balticneopolis.pl\/wp-content\/uploads\/2019\/07\/logo-pij-kranowke-RBG.png\" alt=\"Pij Kran\u00f3wk\u0119\">\r\n       <div class=\"smls-overlay-all-wrap\">\r\n                  <a class=\"smls-link-style\" href=\"https:\/\/zwik.szczecin.pl\/pij_kranowke\" target=\"_blank\"><span><i class=\"fa fa-link\" aria-hidden=\"true\"><\/i><\/span><\/a>\r\n                <\/div>\r\n      <div class=\"smls-overlay-wrap\"><\/div>\r\n        <\/div>\r\n<\/div>\r\n<div class=\"popup-contact contact-div-14\" id=\"contact-div-14\">\r\n  <div class=\"smls-overlay-contact-info\">\r\n\r\n    <!--Creates the popup content-->\r\n    \r\n\r\n    <!--Content shown when popup is not displayed-->\r\n\r\n\r\n  <\/div>\r\n<\/div>\r\n       <div class=\"smls-grid-image-wrap  smls-external-link-wrapper main-div-15\" >\r\n       <div class=\"smls-grid-pad-container\">\r\n                <img decoding=\"async\" src=\"http:\/\/balticneopolis.pl\/wp-content\/uploads\/2019\/07\/follow-me.png\" alt=\"Follow me\">\r\n       <div class=\"smls-overlay-all-wrap\">\r\n                  <a class=\"smls-link-style\" href=\"https:\/\/followme.pl\/\" target=\"_blank\"><span><i class=\"fa fa-link\" aria-hidden=\"true\"><\/i><\/span><\/a>\r\n                <\/div>\r\n      <div class=\"smls-overlay-wrap\"><\/div>\r\n        <\/div>\r\n<\/div>\r\n<div class=\"popup-contact contact-div-15\" id=\"contact-div-15\">\r\n  <div class=\"smls-overlay-contact-info\">\r\n\r\n    <!--Creates the popup content-->\r\n    \r\n\r\n    <!--Content shown when popup is not displayed-->\r\n\r\n\r\n  <\/div>\r\n<\/div>\r\n       <div class=\"smls-grid-image-wrap  smls-external-link-wrapper main-div-16\" >\r\n       <div class=\"smls-grid-pad-container\">\r\n                <img decoding=\"async\" src=\"http:\/\/balticneopolis.pl\/wp-content\/uploads\/2019\/07\/plansza-informacyjna-PFR-pion-srodkowa.jpg\" alt=\"Polski Fundusz Rozwoju\">\r\n       <div class=\"smls-overlay-all-wrap\">\r\n                  <a class=\"smls-link-style\" href=\"https:\/\/pfr.pl\/\" target=\"_blank\"><span><i class=\"fa fa-link\" aria-hidden=\"true\"><\/i><\/span><\/a>\r\n                <\/div>\r\n      <div class=\"smls-overlay-wrap\"><\/div>\r\n        <\/div>\r\n<\/div>\r\n<div class=\"popup-contact contact-div-16\" id=\"contact-div-16\">\r\n  <div class=\"smls-overlay-contact-info\">\r\n\r\n    <!--Creates the popup content-->\r\n            <div class=\"popup-content\">\r\n\r\n          <h4><\/h4>\r\n          <h5><i class=\"fa fa-map-marker\"><\/i>\r\n            <\/h5>\r\n          <!--popup's close button-->\r\n          <button class=\"smls-close\">Close<\/button>\r\n        <\/div>\r\n        <div class=\"smls-popup-open\">\r\n          <!-- <h3><\/h3> -->\r\n          <button class=\"smls-open\"><\/button>\r\n        <\/div>\r\n        \r\n\r\n    <!--Content shown when popup is not displayed-->\r\n\r\n\r\n  <\/div>\r\n<\/div>\r\n       <div class=\"smls-grid-image-wrap  smls-external-link-wrapper main-div-17\" >\r\n       <div class=\"smls-grid-pad-container\">\r\n                <img decoding=\"async\" src=\"https:\/\/balticneopolis.pl\/wp-content\/uploads\/2019\/07\/images-1.png\" alt=\"Centrum Wsp\u00f3\u0142pracy Mi\u0119dzynarodowej w Grodnie\">\r\n       <div class=\"smls-overlay-all-wrap\">\r\n                  <a class=\"smls-link-style\" href=\"https:\/\/www.centrum-grodno.pl\/\" target=\"_blank\"><span><i class=\"fa fa-link\" aria-hidden=\"true\"><\/i><\/span><\/a>\r\n                <\/div>\r\n      <div class=\"smls-overlay-wrap\"><\/div>\r\n        <\/div>\r\n<\/div>\r\n<div class=\"popup-contact contact-div-17\" id=\"contact-div-17\">\r\n  <div class=\"smls-overlay-contact-info\">\r\n\r\n    <!--Creates the popup content-->\r\n            <div class=\"popup-content\">\r\n\r\n          <h4><\/h4>\r\n          <h5><i class=\"fa fa-map-marker\"><\/i>\r\n            <\/h5>\r\n          <!--popup's close button-->\r\n          <button class=\"smls-close\">Close<\/button>\r\n        <\/div>\r\n        <div class=\"smls-popup-open\">\r\n          <!-- <h3><\/h3> -->\r\n          <button class=\"smls-open\"><\/button>\r\n        <\/div>\r\n        \r\n\r\n    <!--Content shown when popup is not displayed-->\r\n\r\n\r\n  <\/div>\r\n<\/div>\r\n          <\/div>\r\n          <style type=\"text\/css\">\r\n            .popup-contact .smls-overlay-contact-info {\r\n              display: none;\r\n            }\r\n            .popup-contact .smls-overlay-contact-info.active {\r\n              display: block;\r\n              position: fixed;\r\n              width: 30%;\r\n              height: 37%;\r\n              background: #000000a6;\r\n              color: #fff;\r\n              left: 30%;\r\n              right: 0;\r\n              top: 30%;\r\n              z-index: 999;\r\n              text-align: center;\r\n            }\r\n            .popup-contact .smls-overlay-contact-info.active .smls-popup-open {\r\n              display: none;\r\n            }\r\n            .popup-contact .smls-overlay-contact-info.active .popup-content {\r\n              visibility: visible;\r\n              \r\n            }\r\n            .popup-content h4, .popup-content h5 {\r\n              color: #FFF;\r\n            }\r\n\r\n\r\n          <\/style>\r\n            <\/div>\r\n  <style>\n    .smls-main-logo-outer-350807747.smls-main-logo-wrapper {\n        width: 90%;\n        margin:0 auto;\n    }\n    .smls-main-logo-outer-350807747 .smls-grid-container-template-1 .smls-grid-each-item:before,\n    .smls-main-logo-outer-350807747 .smls-grid-container-template-1 .smls-grid-image-wrap:before,\n    .smls-main-logo-outer-350807747 .smls-grid-container-template-2 .smls-grid-each-item:before,\n    .smls-main-logo-outer-350807747 .smls-grid-container-template-2 .smls-grid-image-wrap:before {\n\n        border-left: 1px solid #e9e9e9;\n    }\n    .smls-main-logo-outer-350807747 .smls-grid-container-template-1 .smls-grid-each-item:after,\n    .smls-main-logo-outer-350807747 .smls-grid-container-template-1 .smls-grid-image-wrap:after,\n    .smls-main-logo-outer-350807747 .smls-grid-container-template-2 .smls-grid-each-item:after,\n    .smls-main-logo-outer-350807747 .smls-grid-container-template-2 .smls-grid-image-wrap:after {\n        border-bottom: 1px solid #e9e9e9;\n    }\n    .smls-main-logo-outer-350807747 .smls-grid-container-template-2 {\n        border: 1px solid #e9e9e9;\n    }\n\n    .smls-main-logo-outer-350807747 .smls-carousel-pager-template-2.owl-theme .owl-dots .owl-dot span:before\n    {\n        background-color:  #0d98dc;\n\n    }\n    .smls-main-logo-outer-350807747 .smls-carousel-pager-template-2.owl-theme .owl-dots .owl-dot span {\n        background:  #7c7c7c;\n    }\n\n    .smls-main-logo-outer-350807747 .smls-carousel-arrow-type-1.owl-theme .owl-controls .owl-nav [class*=owl-]:hover {\n        background-color: rgba(71, 71, 71, 0.7);\n    }\n    .smls-main-logo-outer-350807747 .smls-carousel-arrow-type-1.owl-theme .owl-controls .owl-nav [class*=owl-] {\n        background-color: #474747;\n    }\n    .smls-main-logo-outer-350807747 .smls-carousel-arrow-type-2.owl-theme .owl-controls .owl-nav [class*=owl-] {\n        background-color:  #474747;\n    }\n    .smls-main-logo-outer-350807747 .smls-carousel-arrow-type-2.owl-theme .owl-controls .owl-nav [class*=owl-]:hover {\n        background-color: rgba(71, 71, 71, 0.7);\n    }\n    .smls-main-logo-outer-350807747 .smls-carousel-arrow-type-3.owl-theme .owl-controls .owl-nav [class*=owl-] {\n        border: 2px solid #474747;\n\n    }\n    .smls-main-logo-outer-350807747 .smls-carousel-arrow-type-3.owl-theme .owl-controls .owl-nav [class*=owl-]:before {\n        background-color: rgba(71, 71, 71, 0.7);\n    }\n    .smls-main-logo-outer-350807747 .smls-carousel-arrow-type-3.owl-theme .owl-controls .owl-nav [class*=owl-]:hover {\n        border-color: rgba(71, 71, 71, 0.7);\n    }\n    .smls-main-logo-outer-350807747 .smls-carousel-arrow-type-4.owl-theme .owl-controls .owl-nav [class*=owl-] {\n        border: 2px solid #474747;\n        color: #474747;\n    }\n    .smls-main-logo-outer-350807747 .smls-carousel-arrow-type-4.owl-carousel .owl-controls .owl-nav [class*=owl-]:hover {\n        background-color: rgba(71, 71, 71, 0.7);\n        color: #333333;\n    }\n    .smls-main-logo-outer-350807747 .smls-carousel-arrow-type-5.owl-theme .owl-controls .owl-nav [class*=owl-] {\n        background-color:  #474747;\n\n    }\n\n    .smls-main-logo-outer-350807747 .smls-carousel-template-2.owl-carousel .smls-carousel-four-items {\n        border: 1px solid  #eee;\n    }\n\n<\/style>[\/vc_column_text][\/vc_column_inner][\/vc_row_inner][\/vc_column][\/vc_row][vc_row][vc_column][\/vc_column][\/vc_row]<\/p>\n","protected":false},"excerpt":{"rendered":"<p>[vc_row][vc_column][vc_row_inner][vc_column_inner][vc_column_text] Main partner [\/vc_column_text][vc_empty_space][vc_single_image image=&#8221;3676&#8243; img_size=&#8221;full&#8221; alignment=&#8221;center&#8221; img_fullwidth=&#8221;0&#8243;][vc_empty_space height=&#8221;60px&#8221;][vc_column_text] Partners [\/vc_column_text][vc_empty_space][vc_column_text][\/vc_column_text][\/vc_column_inner][\/vc_row_inner][\/vc_column][\/vc_row][vc_row][vc_column][\/vc_column][\/vc_row]<\/p>\n","protected":false},"author":1,"featured_media":0,"parent":0,"menu_order":0,"comment_status":"closed","ping_status":"closed","template":"","meta":{"footnotes":""},"class_list":["post-4135","page","type-page","status-publish","hentry"],"_links":{"self":[{"href":"https:\/\/balticneopolis.pl\/en\/wp-json\/wp\/v2\/pages\/4135","targetHints":{"allow":["GET"]}}],"collection":[{"href":"https:\/\/balticneopolis.pl\/en\/wp-json\/wp\/v2\/pages"}],"about":[{"href":"https:\/\/balticneopolis.pl\/en\/wp-json\/wp\/v2\/types\/page"}],"author":[{"embeddable":true,"href":"https:\/\/balticneopolis.pl\/en\/wp-json\/wp\/v2\/users\/1"}],"replies":[{"embeddable":true,"href":"https:\/\/balticneopolis.pl\/en\/wp-json\/wp\/v2\/comments?post=4135"}],"version-history":[{"count":2,"href":"https:\/\/balticneopolis.pl\/en\/wp-json\/wp\/v2\/pages\/4135\/revisions"}],"predecessor-version":[{"id":4194,"href":"https:\/\/balticneopolis.pl\/en\/wp-json\/wp\/v2\/pages\/4135\/revisions\/4194"}],"wp:attachment":[{"href":"https:\/\/balticneopolis.pl\/en\/wp-json\/wp\/v2\/media?parent=4135"}],"curies":[{"name":"wp","href":"https:\/\/api.w.org\/{rel}","templated":true}]}}