{"id":4124,"date":"2019-11-05T12:07:54","date_gmt":"2019-11-05T12:07:54","guid":{"rendered":"http:\/\/balticneopolis.pl\/orchestra\/"},"modified":"2019-11-07T16:05:36","modified_gmt":"2019-11-07T16:05:36","slug":"orchestra","status":"publish","type":"page","link":"https:\/\/balticneopolis.pl\/en\/orchestra\/","title":{"rendered":"Orchestra"},"content":{"rendered":"<p>[vc_row iron_row_type=&#8221;full_width&#8221; iron_remove_padding_medium=&#8221;tabletnopadding&#8221; iron_remove_padding_small=&#8221;&#8221; iron_overlay_pattern=&#8221;&#8221; iron_parallax=&#8221;&#8221; iron_bg_video=&#8221;&#8221; css=&#8221;.vc_custom_1491998156906{margin-top: 10px !important;margin-bottom: 100px !important;}&#8221;][vc_column][vc_custom_heading text=&#8221;&#8221; font_container=&#8221;tag:h4|font_size:10px|text_align:center|color:%23686868|line_height:16px&#8221; use_theme_fonts=&#8221;yes&#8221; fit_bg_text=&#8221;0&#8243; css=&#8221;.vc_custom_1562079681815{margin-bottom: 50px !important;}&#8221;][vc_custom_heading text=&#8221;Baltic Neopolis Orchestra&#8221; font_container=&#8221;tag:h1|text_align:center&#8221; use_theme_fonts=&#8221;yes&#8221; fit_bg_text=&#8221;0&#8243; css=&#8221;.vc_custom_1562079709023{margin-bottom: -20px !important;}&#8221;][vc_custom_heading text=&#8221;&#8221; font_container=&#8221;tag:h1|text_align:center&#8221; google_fonts=&#8221;font_family:Playfair%20Display%3Aregular%2Citalic%2C700%2C700italic%2C900%2C900italic|font_style:400%20italic%3A400%3Aitalic&#8221; fit_bg_text=&#8221;0&#8243;]\t<div class=\"dividerwrap\" style=\"padding-top:25px; padding-bottom:px;\">\r\n\t\t<div class=\"defaultdivider center\" style=\"background-color:#0a0a0a\"><\/div>\r\n\t\t<div class=\"clear\"><\/div>\r\n\t<\/div>[\/vc_column][\/vc_row][vc_row iron_row_type=&#8221;full_width&#8221; iron_remove_padding_medium=&#8221;tabletnopadding&#8221; iron_remove_padding_small=&#8221;&#8221; iron_overlay_pattern=&#8221;&#8221; iron_parallax=&#8221;&#8221; iron_bg_video=&#8221;&#8221; css=&#8221;.vc_custom_1452106292953{background-position: 0 0 !important;background-repeat: repeat !important;}&#8221;][vc_column el_class=&#8221;.nopadding &#8220;][vc_single_image image=&#8221;3417&#8243; img_size=&#8221;large&#8221; alignment=&#8221;center&#8221; img_fullwidth=&#8221;0&#8243;][\/vc_column][\/vc_row][vc_row iron_row_type=&#8221;full_width&#8221; iron_remove_padding_medium=&#8221;tabletnopadding&#8221; iron_remove_padding_small=&#8221;&#8221; iron_overlay_pattern=&#8221;&#8221; iron_parallax=&#8221;&#8221; iron_bg_video=&#8221;&#8221; css=&#8221;.vc_custom_1491998717774{margin-top: 100px !important;margin-bottom: 100px !important;padding-right: 10px !important;padding-left: 10px !important;}&#8221;][vc_column][vc_row_inner iron_bg_video=&#8221;&#8221;][vc_column_inner][vc_custom_heading text=&#8221;&#8221; font_container=&#8221;tag:h4|font_size:12px|text_align:left|color:%23111b38|line_height:12px&#8221; use_theme_fonts=&#8221;yes&#8221; fit_bg_text=&#8221;0&#8243; el_class=&#8221;.costumespacing1&#8243; css=&#8221;.vc_custom_1562081217892{margin-bottom: -15px !important;}&#8221;][vc_custom_heading text=&#8221;&#8221; font_container=&#8221;tag:h3|font_size:30px|text_align:left|color:%2325262d|line_height:38px&#8221; google_fonts=&#8221;font_family:Playfair%20Display%3Aregular%2Citalic%2C700%2C700italic%2C900%2C900italic|font_style:400%20regular%3A400%3Anormal&#8221; fit_bg_text=&#8221;0&#8243; el_class=&#8221;.costumespacing1&#8243;][\/vc_column_inner][\/vc_row_inner][vc_empty_space height=&#8221;10px&#8221;][vc_row_inner gap=&#8221;30&#8243; iron_bg_video=&#8221;&#8221;][vc_column_inner width=&#8221;1\/2&#8243;][vc_column_text css=&#8221;.vc_custom_1562226881676{margin-right: 4px !important;}&#8221;]<strong>Baltic Neopolis Orchestra<\/strong>, winner of the 2015 Fryderyk award in the \u201cBest Chamber Music Album\u201d category, is a string chamber orchestra established in 2008 in Szczecin, Poland. Since then, the orchestra has performed hundreds of concerts, creating and performing their own series, as well as being invited by important festivals and concert series worldwide.<\/p>\n<p>The artistic identity of BNO was shaped by a number of musical personalities, out of which the most influential to the group still is the world-renowned violinist and concertmaster Vasko Vassilev \u2013 the artistic director of the group since 2015. The group has earned wide recognition from listeners and critics alike, performing in concert halls in Europe and Asia, in countries such as Germany, France, Czech Republic, Estonia, Croatia, Greece, Norway, Malaysia, Japan, Singapore, Laos, Cambodia and Philippines, among others.<\/p>\n<p>Since its foundation, Baltic Neopolis Orchestra is managed by violist Emilia Goch Salvador. Due to her effort and passion, the orchestra gathers some of the best Polish instrumentalists to play together in important national and international musical projects. The orchestra repertoire ranges from standard to new commissions therefore BNO musicians are always keen to take part in avant-garde projects.<\/p>\n<p>Appreciated in Poland, Europe and the World, Baltic Neopolis Orchestra is still looking for new fields in musical inspiration. They work regularly with renowned composers and artists, such as: Tomasz Tomaszewski, the concertmaster of Deutsche Oper in Berlin; Marat Bisengaliev, violinist and artistic director of the India Symphony Orchestra; Maria Machowska, the concertmaster of the National Philharmonic; Daniel Rowland, the leader of Brodsky String Quartet; Alina Mleczko, the best classic saxophonist in Poland;[\/vc_column_text][\/vc_column_inner][vc_column_inner width=&#8221;1\/2&#8243;][vc_column_text css=&#8221;.vc_custom_1562226895503{margin-left: 4px !important;}&#8221;]Marcelo Nisinman, bandoneonist branded as the successor of Astor Piazzolla; Carmine Lauri, concertmaster of London Symphony Orchestra; Adam Ba\u0142dych, best Polish jazz violinist of the young generation, as well as composers such as Miko\u0142aj G\u00f3recki, Hanna Kulenty and Pawe\u0142 \u0141ukaszewski, winner of 7 Fryderyk awards.<\/p>\n<p>The current artistic legacy of the Orchestra comprises eight records: <em>Ego Sapientia<\/em> by Marek Jasi\u0144ski, realized together with the Academic Choir named after professor Jan Szyrocki, of the Zachodniopomorski Uniwersytet Techniczny (West Pomeranian Technical University) (2013), <em>Compositions<\/em> of Miko\u0142aj G\u00f3recki and Pawe\u0142 \u0141ukaszewski, recorded with Tomasz Tomaszewski (2013), <em>Compositions of Szczecin<\/em>, with the pieces by Piotr Klimek, Micha\u0142 Dobrzy\u0144ski, Zbigniew Bagi\u0144ski and Janusz Stalmierski (2013), <em>Tribute to Carl Loewe<\/em>, with Urszula Kryger, Adam Kruszewski and Pawe\u0142 Kotla (2014), <em>Sonatina f\u00fcr Alina<\/em>, recorded with the saxophonist Alina Mleczko (2014), <em>Il Tramonto<\/em>, with the soprano singer Joanna Tylkowska-Dro\u017cd\u017c (2015), <em>Musica Sacra 5<\/em> by Pawe\u0142 \u0141ukaszewski&#8217;s, featuring BNO (2014), winning the Fryderyk award in the Best Chamber Music Album category, and <em>4 AM Tango<\/em> with Marcelo Nisinman (2019).<\/p>\n<p>The Orchestra \u2013 with its passion and dedication \u2013 creates a part of the most prestigious, and at the same time, unique and modern cultural offer. Furthermore, it still surprises with its openness to forms of artistic cooperation and the multidimensionality of its concerts. Baltic Neopolis Orchestra attempts to always be close to its audience, using original methods of expression and selects its repertoire with precision in a truly world class level.<\/p>\n<p><span style=\"font-size: inherit;\">[\/vc_column_text][\/vc_column_inner][\/vc_row_inner][\/vc_column][\/vc_row][vc_row iron_row_type=&#8221;in_container&#8221; iron_remove_padding_medium=&#8221;tabletnopadding&#8221; iron_remove_padding_small=&#8221;mobilenopadding&#8221; iron_overlay_pattern=&#8221;&#8221; iron_parallax=&#8221;&#8221; iron_bg_video=&#8221;&#8221; css=&#8221;.vc_custom_1491999953410{margin-top: 130px !important;margin-bottom: 180px !important;padding-right: 8px !important;padding-left: 8px !important;}&#8221;][vc_column width=&#8221;1\/4&#8243;]\t<div class=\"dividerwrap\" style=\"padding-top:px; padding-bottom:px;\">\r\n\t\t<div class=\"defaultdivider left\" style=\"background-color:rgb(217, 8, 67)\"><\/div>\r\n\t\t<div class=\"clear\"><\/div>\r\n\t<\/div>[vc_empty_space height=&#8221;232px&#8221;][vc_single_image image=&#8221;3769&#8243; img_size=&#8221;medium&#8221; alignment=&#8221;right&#8221; img_fullwidth=&#8221;0&#8243;][\/vc_column][vc_column width=&#8221;3\/4&#8243;][vc_row_inner][vc_column_inner][vc_empty_space height=&#8221;26px&#8221;][vc_custom_heading text=&#8221;Director of the Orchestra&#8221; font_container=&#8221;tag:h5|font_size:18px|text_align:center|line_height:28px&#8221; use_theme_fonts=&#8221;yes&#8221; fit_bg_text=&#8221;0&#8243; el_class=&#8221;.costumespacing1&#8243; css=&#8221;.vc_custom_1562162855395{margin-bottom: -15px !important;}&#8221;][vc_custom_heading text=&#8221;Emilia Goch Salvador&#8221; font_container=&#8221;tag:h3|font_size:30px|text_align:center|color:%2325262d|line_height:38px&#8221; google_fonts=&#8221;font_family:Playfair%20Display%3Aregular%2Citalic%2C700%2C700italic%2C900%2C900italic|font_style:400%20regular%3A400%3Anormal&#8221; fit_bg_text=&#8221;0&#8243; el_class=&#8221;.costumespacing1&#8243;][vc_column_text css=&#8221;.vc_custom_1562080580489{padding-right: 5% !important;padding-left: 5% !important;}&#8221;]Emilia Goch Salvador, in 2005, graduated with honours from the Jan Paderewski Music Academy in Pozna\u0144 in Prof. Dominik Rutowski&#8217;s viola class.\u00a0 She has received multiple scholarships of the President of the City of Szczecin, as well as the West Pomeranian Voivodship Marshal&#8217;s award for the best higher education graduation diploma in the musical arts category. In 2008, she founded the chamber string orchestra \u2013 Baltic Neopolis Orchestra, which she has lead up to this day. She is also the chairman of the Baltic Neopolis Orchestra Association \u2013 one of the most dynamically functioning non-governmental cultural organisations in Poland. As a soloist and chamber musician, she has worked with such artists as: Bart\u0142omiej Nizio\u0142, Vasko Vassilev, Marcelo Nisinman, Carmine Lauri, Tomasz Daroch, Tomasz Tomaszewski, Sandor Javorkai, Bartosz Bry\u0142a, Kevin Kenner, Roman Jab\u0142o\u0144ski, Maria Machowska. In 2005-2018, she worked with numerous bands and orchestras, such as: Deutsche Oper Solisten, Covent Garden Soloists, Covent Garden Opera House, Symphony Orchestra of India, V4- Visegrad quartet, and Prussian Chamber Orchestra. With these groups, she performed in prestigious concert halls, among all else in India, Norway, Estonia, Germany, Denmark, Czechia, Greece, Singapore, Thailand, Malaysia, Vietnam and Philippines. In 2012-2015, she worked with the Sadler&#8217;s Wells theatre in London, where she took part, as a chamber musician, in two international productions \u201dSutra\u201d and \u201dOrbo Novo\u201d. In 2016, together with Baltic Neopolis Orchestra, she participated in a prestigious tour in the Southeast Asia countries \u2013 the TOYOTA CLASSICS TOUR. She recorded numerous albums with the Baltic Neopolis Orchestra and Baltic Neopolis Quartet. In 2017, along with the new chamber music group Baltic Neopolis Virtuosi she took part in a concert tour in China and Japan. In 2016, she began working with the Portuguese string quartet Guimaraes String Quartet, with which she performs regularly. The quartet was invited in 2017 to the International Music Festival in Macau (China) and the concerts in Germany and Poland (including the National Music Forum in Wroc\u0142aw). Furthermore, the band regularly performs in Portugal. Emilia Goch Salvador has been a lecturer at the Art Academy in Szczecin since 2013, and since 2019, she has conducted master courses for altoviolists in her hometown of Szczecin, as well as in Guimaraes in Portugal.[\/vc_column_text][vc_empty_space height=&#8221;58px&#8221;][\/vc_column_inner][\/vc_row_inner][\/vc_column][\/vc_row][vc_row iron_row_type=&#8221;in_container&#8221; iron_remove_padding_medium=&#8221;tabletnopadding&#8221; iron_remove_padding_small=&#8221;mobilenopadding&#8221; iron_overlay_pattern=&#8221;&#8221; iron_parallax=&#8221;&#8221; iron_bg_video=&#8221;&#8221; css=&#8221;.vc_custom_1491999953410{margin-top: 130px !important;margin-bottom: 180px !important;padding-right: 8px !important;padding-left: 8px !important;}&#8221;][vc_column width=&#8221;1\/4&#8243;]\t<div class=\"dividerwrap\" style=\"padding-top:px; padding-bottom:px;\">\r\n\t\t<div class=\"defaultdivider left\" style=\"background-color:rgb(217, 8, 67)\"><\/div>\r\n\t\t<div class=\"clear\"><\/div>\r\n\t<\/div>[vc_empty_space height=&#8221;132px&#8221;][vc_single_image image=&#8221;3771&#8243; img_size=&#8221;medium&#8221; alignment=&#8221;right&#8221; img_fullwidth=&#8221;0&#8243;][\/vc_column][vc_column width=&#8221;3\/4&#8243;][vc_row_inner][vc_column_inner][vc_empty_space height=&#8221;26px&#8221;][vc_custom_heading text=&#8221;Artistic director&#8221; font_container=&#8221;tag:h5|font_size:18px|text_align:center|line_height:28px&#8221; use_theme_fonts=&#8221;yes&#8221; fit_bg_text=&#8221;0&#8243; el_class=&#8221;.costumespacing1&#8243; css=&#8221;.vc_custom_1562162863427{margin-bottom: -15px !important;}&#8221;][vc_custom_heading text=&#8221;Vasko Vassilev&#8221; font_container=&#8221;tag:h3|font_size:30px|text_align:center|color:%2325262d|line_height:38px&#8221; google_fonts=&#8221;font_family:Playfair%20Display%3Aregular%2Citalic%2C700%2C700italic%2C900%2C900italic|font_style:400%20regular%3A400%3Anormal&#8221; fit_bg_text=&#8221;0&#8243; el_class=&#8221;.costumespacing1&#8243;][vc_column_text css=&#8221;.vc_custom_1562080794076{padding-right: 5% !important;padding-left: 5% !important;}&#8221;]Vasko Vassilev acts as a concertmaster in the Royal Opera House in London, where he debuted in 2005 as a conductor. Vassilev, ever since his earliest ages has shown an incredible talent, and has quickly earned his status as a young genius violinist. As a 10-year-old boy, he began education in the Moscow National Conservatory, and 7 years later he won his first international music competition in Paris. At the age of 18, he travelled to London, and his career improved massively, which is proved by the amount of awards he earned on prestigious competitions.<\/span><\/p>\n<p>At the age of 23, as the youngest in history, he took the position of the concertmaster in the Royal Opera House in London, and in 2005, he debuted as a conductor in the Royal Opera House. In 2010, on his 40<sup>th<\/sup> birthday, he published an autobiography titled \u201dVasko@40\u201d, and a year later became a juror in the Bulgarian version of the popular reality show \u201dX FACTOR\u201d. Since September 2015, he has been an art director for the Szczecin chamber orchestra \u2013 Baltic Neopolis Orchestra. He was the founder and the artistic director of the instrumental group \u201dLaureate\u201d, comprising entirely of the world-famous musicians. He has worked with such artists as Pl\u00e1cido Domingo, Sting, Rolling Stones or Vanessa Mae, who was his student.[\/vc_column_text][vc_empty_space height=&#8221;58px&#8221;][\/vc_column_inner][\/vc_row_inner][\/vc_column][\/vc_row][vc_row iron_row_type=&#8221;in_container&#8221; iron_remove_padding_medium=&#8221;tabletnopadding&#8221; iron_remove_padding_small=&#8221;mobilenopadding&#8221; iron_overlay_pattern=&#8221;&#8221; iron_parallax=&#8221;&#8221; iron_bg_video=&#8221;&#8221; css=&#8221;.vc_custom_1491999953410{margin-top: 130px !important;margin-bottom: 180px !important;padding-right: 8px !important;padding-left: 8px !important;}&#8221;][vc_column width=&#8221;1\/4&#8243;]\t<div class=\"dividerwrap\" style=\"padding-top:px; padding-bottom:px;\">\r\n\t\t<div class=\"defaultdivider left\" style=\"background-color:rgb(217, 8, 67)\"><\/div>\r\n\t\t<div class=\"clear\"><\/div>\r\n\t<\/div>[vc_empty_space height=&#8221;132px&#8221;][vc_single_image image=&#8221;3772&#8243; img_size=&#8221;medium&#8221; alignment=&#8221;right&#8221; img_fullwidth=&#8221;0&#8243;][\/vc_column][vc_column width=&#8221;3\/4&#8243;][vc_row_inner][vc_column_inner][vc_empty_space height=&#8221;26px&#8221;][vc_custom_heading text=&#8221;Program director, concertmaster&#8221; font_container=&#8221;tag:h5|font_size:18px|text_align:center|line_height:28px&#8221; use_theme_fonts=&#8221;yes&#8221; fit_bg_text=&#8221;0&#8243; el_class=&#8221;.costumespacing1&#8243; css=&#8221;.vc_custom_1562162873047{margin-bottom: -15px !important;}&#8221;][vc_custom_heading text=&#8221;Emanuel Salvador&#8221; font_container=&#8221;tag:h3|font_size:30px|text_align:center|color:%2325262d|line_height:38px&#8221; google_fonts=&#8221;font_family:Playfair%20Display%3Aregular%2Citalic%2C700%2C700italic%2C900%2C900italic|font_style:400%20regular%3A400%3Anormal&#8221; fit_bg_text=&#8221;0&#8243; el_class=&#8221;.costumespacing1&#8243;][vc_column_text css=&#8221;.vc_custom_1562080869956{padding-right: 5% !important;padding-left: 5% !important;}&#8221;]Emanuel Salvador was described by Strad Magazine as one of the best Portuguese violinists of his generation. He acted as a soloist, chamber musician and concertmaster in many worldwide venues in Great Britain, Kazakhstan, China, Japan, Portugal, the Netherlands, Mexico, Turkey, Spain, Italy and Germany. He has been a winner and laureate in such competitions as Isolde Menges (RCM), Beckenham Festival, Barbirolli Memorial, Wolfson Foundation, Jovens Musicos, Julio Cardona. In 2005, he graduated from the Guildhall School of Music and Drama and the Royal College of Music in London. As a solist and concertmaster, he has performed with varius orchestras, including Orquesta Nacional de Espana, Brasil National Orchestra, Seoul Classical Players, Adana Philharmonic, Monterrey Symphony Orchestra, Krasnojarsk Symphony, Orquestra de Norte, Classica da Madeira. He was the founder and the leader of the Guimaraes String Quartet in Portugal, with which he regularly performs in Europe and Asia. From 2005 to 2015, he was the concertmaster of Qrquestra do Norte in Portugal. The musician&#8217;s successes include albums which were highly acclaimed by critics and master courses conducted by te artist all over the world. He has had multiple prestigious concert tours around Southeast Asia, China, Japan and United States on his account.[\/vc_column_text][vc_empty_space height=&#8221;58px&#8221;][\/vc_column_inner][\/vc_row_inner][\/vc_column][\/vc_row][vc_row][vc_column][vc_separator][vc_single_image image=&#8221;3171&#8243; img_size=&#8221;large&#8221; alignment=&#8221;center&#8221; img_fullwidth=&#8221;0&#8243;][vc_btn title=&#8221;Contact us&#8221; style=&#8221;outline&#8221; shape=&#8221;square&#8221; color=&#8221;violet&#8221; size=&#8221;lg&#8221; align=&#8221;center&#8221; link=&#8221;url:http%3A%2F%2Fbalticneopolis.pl%2Fen%2Fcontact%2F|||&#8221; css=&#8221;.vc_custom_1573142733574{margin-top: 70px !important;}&#8221;][\/vc_column][\/vc_row]<\/p>\n","protected":false},"excerpt":{"rendered":"<p>[vc_row iron_row_type=&#8221;full_width&#8221; iron_remove_padding_medium=&#8221;tabletnopadding&#8221; iron_remove_padding_small=&#8221;&#8221; iron_overlay_pattern=&#8221;&#8221; iron_parallax=&#8221;&#8221; iron_bg_video=&#8221;&#8221; css=&#8221;.vc_custom_1491998156906{margin-top: 10px !important;margin-bottom: 100px !important;}&#8221;][vc_column][vc_custom_heading text=&#8221;&#8221; font_container=&#8221;tag:h4|font_size:10px|text_align:center|color:%23686868|line_height:16px&#8221; use_theme_fonts=&#8221;yes&#8221; fit_bg_text=&#8221;0&#8243; css=&#8221;.vc_custom_1562079681815{margin-bottom: 50px !important;}&#8221;][vc_custom_heading text=&#8221;Baltic Neopolis Orchestra&#8221; font_container=&#8221;tag:h1|text_align:center&#8221; use_theme_fonts=&#8221;yes&#8221; fit_bg_text=&#8221;0&#8243; css=&#8221;.vc_custom_1562079709023{margin-bottom: -20px !important;}&#8221;][vc_custom_heading text=&#8221;&#8221; font_container=&#8221;tag:h1|text_align:center&#8221; google_fonts=&#8221;font_family:Playfair%20Display%3Aregular%2Citalic%2C700%2C700italic%2C900%2C900italic|font_style:400%20italic%3A400%3Aitalic&#8221; fit_bg_text=&#8221;0&#8243;][\/vc_column][\/vc_row][vc_row iron_row_type=&#8221;full_width&#8221; iron_remove_padding_medium=&#8221;tabletnopadding&#8221; iron_remove_padding_small=&#8221;&#8221; iron_overlay_pattern=&#8221;&#8221; iron_parallax=&#8221;&#8221; iron_bg_video=&#8221;&#8221; css=&#8221;.vc_custom_1452106292953{background-position: 0 0 !important;background-repeat: repeat !important;}&#8221;][vc_column el_class=&#8221;.nopadding &#8220;][vc_single_image image=&#8221;3417&#8243; img_size=&#8221;large&#8221; alignment=&#8221;center&#8221; img_fullwidth=&#8221;0&#8243;][\/vc_column][\/vc_row][vc_row iron_row_type=&#8221;full_width&#8221; iron_remove_padding_medium=&#8221;tabletnopadding&#8221; iron_remove_padding_small=&#8221;&#8221; iron_overlay_pattern=&#8221;&#8221; iron_parallax=&#8221;&#8221; iron_bg_video=&#8221;&#8221; css=&#8221;.vc_custom_1491998717774{margin-top: 100px !important;margin-bottom: 100px !important;padding-right: 10px !important;padding-left: 10px !important;}&#8221;][vc_column][vc_row_inner iron_bg_video=&#8221;&#8221;][vc_column_inner][vc_custom_heading text=&#8221;&#8221; font_container=&#8221;tag:h4|font_size:12px|text_align:left|color:%23111b38|line_height:12px&#8221; use_theme_fonts=&#8221;yes&#8221; fit_bg_text=&#8221;0&#8243; el_class=&#8221;.costumespacing1&#8243; css=&#8221;.vc_custom_1562081217892{margin-bottom: -15px !important;}&#8221;][vc_custom_heading text=&#8221;&#8221; font_container=&#8221;tag:h3|font_size:30px|text_align:left|color:%2325262d|line_height:38px&#8221; google_fonts=&#8221;font_family:Playfair%20Display%3Aregular%2Citalic%2C700%2C700italic%2C900%2C900italic|font_style:400%20regular%3A400%3Anormal&#8221; fit_bg_text=&#8221;0&#8243; el_class=&#8221;.costumespacing1&#8243;][\/vc_column_inner][\/vc_row_inner][vc_empty_space height=&#8221;10px&#8221;][vc_row_inner [&hellip;]<\/p>\n","protected":false},"author":1,"featured_media":0,"parent":0,"menu_order":0,"comment_status":"closed","ping_status":"closed","template":"","meta":{"footnotes":""},"class_list":["post-4124","page","type-page","status-publish","hentry"],"_links":{"self":[{"href":"https:\/\/balticneopolis.pl\/en\/wp-json\/wp\/v2\/pages\/4124","targetHints":{"allow":["GET"]}}],"collection":[{"href":"https:\/\/balticneopolis.pl\/en\/wp-json\/wp\/v2\/pages"}],"about":[{"href":"https:\/\/balticneopolis.pl\/en\/wp-json\/wp\/v2\/types\/page"}],"author":[{"embeddable":true,"href":"https:\/\/balticneopolis.pl\/en\/wp-json\/wp\/v2\/users\/1"}],"replies":[{"embeddable":true,"href":"https:\/\/balticneopolis.pl\/en\/wp-json\/wp\/v2\/comments?post=4124"}],"version-history":[{"count":10,"href":"https:\/\/balticneopolis.pl\/en\/wp-json\/wp\/v2\/pages\/4124\/revisions"}],"predecessor-version":[{"id":4182,"href":"https:\/\/balticneopolis.pl\/en\/wp-json\/wp\/v2\/pages\/4124\/revisions\/4182"}],"wp:attachment":[{"href":"https:\/\/balticneopolis.pl\/en\/wp-json\/wp\/v2\/media?parent=4124"}],"curies":[{"name":"wp","href":"https:\/\/api.w.org\/{rel}","templated":true}]}}